{"id":75,"date":"2017-03-13T20:57:17","date_gmt":"2017-03-13T19:57:17","guid":{"rendered":"http:\/\/quarter.pl\/?page_id=75"},"modified":"2025-07-29T21:25:13","modified_gmt":"2025-07-29T19:25:13","slug":"o-firmie","status":"publish","type":"page","link":"http:\/\/quarter.pl\/de\/o-firmie\/","title":{"rendered":"\u00dcber uns"},"content":{"rendered":"<p class=\"has-text-align-left\">     Wir sind spezialisiert auf die Erstellung von CAD-Zeichnungen f\u00fcr Patentanmeldungen. Wir entwickeln Entw\u00fcrfe und Prototypen f\u00fcr neue Produkte und unterst\u00fctzen Forschungs- und Entwicklungsprozesse durch Anpassung an technische und gesch\u00e4ftliche Anforderungen. Unser Ansatz vereint pr\u00e4zise Ingenieursarbeit mit modernen Designmethoden, was einen effektiven \u00dcbergang von Konzepten zur tats\u00e4chlichen Implementierung erm\u00f6glicht.<\/p>\n\n\n\n<p>In unseren Prozessen nutzen wir unter anderem 3D-Druck, Reverse Engineering, CNC-Technologien und BSP (Drohnen) sowie KI. Unser Team aus Ingenieuren und Wissenschaftlern kombiniert technisches Know-how mit einem designorientierten Ansatz, was uns erlaubt, Prozesse zu optimieren, die Entwicklung neuer Produkte zu beschleunigen und Projekte von der Konzeption bis zur fertigen L\u00f6sung durchzuf\u00fchren.<\/p>\n\n\n\n<p>Wir arbeiten gemeinsam mit Unternehmern, Universit\u00e4ten, Medien, Rettungsdiensten, Sicherheitskr\u00e4ften und Stiftungen, um Projekte zu realisieren, die auf ihre spezifischen Bed\u00fcrfnisse zugeschnitten sind. Die von uns entwickelten und mitgestalteten Ger\u00e4te finden Anwendung in anspruchsvollen Branchen wie der Medizin-, Automobil- und Eisenbahnindustrie.<\/p>","protected":false},"excerpt":{"rendered":"<p>Wir sind spezialisiert auf die Erstellung von CAD-Zeichnungen f\u00fcr Patentanmeldungen. Wir entwickeln Entw\u00fcrfe und Prototypen f\u00fcr neue Produkte und unterst\u00fctzen Forschungs- und Entwicklungsprozesse durch Anpassung an technische und gesch\u00e4ftliche Anforderungen. Unser Ansatz vereint pr\u00e4zise Ingenieursarbeit mit modernen Designmethoden, was einen effektiven \u00dcbergang von Konzepten zur tats\u00e4chlichen Implementierung erm\u00f6glicht. In unseren Prozessen nutzen wir unter anderem [&hellip;]<\/p>\n","protected":false},"author":1,"featured_media":0,"parent":0,"menu_order":0,"comment_status":"closed","ping_status":"closed","template":"","meta":{"jetpack_post_was_ever_published":false,"footnotes":""},"class_list":["post-75","page","type-page","status-publish","hentry"],"jetpack_sharing_enabled":true,"jetpack_shortlink":"https:\/\/wp.me\/PaL4dl-1d","_links":{"self":[{"href":"http:\/\/quarter.pl\/de\/wp-json\/wp\/v2\/pages\/75","targetHints":{"allow":["GET"]}}],"collection":[{"href":"http:\/\/quarter.pl\/de\/wp-json\/wp\/v2\/pages"}],"about":[{"href":"http:\/\/quarter.pl\/de\/wp-json\/wp\/v2\/types\/page"}],"author":[{"embeddable":true,"href":"http:\/\/quarter.pl\/de\/wp-json\/wp\/v2\/users\/1"}],"replies":[{"embeddable":true,"href":"http:\/\/quarter.pl\/de\/wp-json\/wp\/v2\/comments?post=75"}],"version-history":[{"count":104,"href":"http:\/\/quarter.pl\/de\/wp-json\/wp\/v2\/pages\/75\/revisions"}],"predecessor-version":[{"id":1478,"href":"http:\/\/quarter.pl\/de\/wp-json\/wp\/v2\/pages\/75\/revisions\/1478"}],"wp:attachment":[{"href":"http:\/\/quarter.pl\/de\/wp-json\/wp\/v2\/media?parent=75"}],"curies":[{"name":"wp","href":"https:\/\/api.w.org\/{rel}","templated":true}]}}