{"id":75,"date":"2017-03-13T20:57:17","date_gmt":"2017-03-13T19:57:17","guid":{"rendered":"http:\/\/quarter.pl\/?page_id=75"},"modified":"2025-07-29T21:25:13","modified_gmt":"2025-07-29T19:25:13","slug":"o-firmie","status":"publish","type":"page","link":"http:\/\/quarter.pl\/pl\/o-firmie\/","title":{"rendered":"O firmie"},"content":{"rendered":"<p class=\"has-text-align-left\">     Zajmujemy si\u0119 przygotowywaniem rysunk\u00f3w CAD do zg\u0142osze\u0144 patentowych.  Opracowujemy projekty i prototypy nowych produkt\u00f3w. Wspieramy procesy badawczo-rozwojowe, dostosowuj\u0105c rozwi\u0105zania do wymaga\u0144 technicznych i biznesowych. Nasze podej\u015bcie \u0142\u0105czy precyzj\u0119 in\u017cynieryjn\u0105 z nowoczesnymi metodami projektowania, co pozwala na skuteczne przej\u015bcie od koncepcji do rzeczywistego wdro\u017cenia.<\/p>\n\n\n\n<p>    W naszych procesach wykorzystujemy m.in. druk 3D, in\u017cynieri\u0119 odwrotn\u0105, technologie CNC i BSP (drony), czy AI. Nasz zesp\u00f3\u0142 in\u017cynier\u00f3w i naukowc\u00f3w \u0142\u0105czy wiedz\u0119 techniczn\u0105 z podej\u015bciem projektowym, co pozwala nam optymalizowa\u0107 procesy, przyspiesza\u0107 rozw\u00f3j nowych produkt\u00f3w i przeprowadza\u0107 projekty od koncepcji do gotowego rozwi\u0105zania. <\/p>\n\n\n\n<p>Dzia\u0142amy wsp\u00f3lnie z przedsi\u0119biorcami, uczelniami, telewizj\u0105, s\u0142u\u017cbami ratunkowymi, s\u0142u\u017cbami mundurowymi czy fundacjami, realizuj\u0105c projekty dostosowane do ich specyficznych potrzeb. Urz\u0105dzenia, kt\u00f3re projektujemy i wsp\u00f3\u0142tworzymy, znajduj\u0105 zastosowanie w tak wymagaj\u0105cych bran\u017cach jak medyczna, automotive czy sektor kolejowy. <\/p>\n\n\n\n<p>","protected":false},"excerpt":{"rendered":"<p>Zajmujemy si\u0119 przygotowywaniem rysunk\u00f3w CAD do zg\u0142osze\u0144 patentowych. Opracowujemy projekty i prototypy nowych produkt\u00f3w. Wspieramy procesy badawczo-rozwojowe, dostosowuj\u0105c rozwi\u0105zania do wymaga\u0144 technicznych i biznesowych. Nasze podej\u015bcie \u0142\u0105czy precyzj\u0119 in\u017cynieryjn\u0105 z nowoczesnymi metodami projektowania, co pozwala na skuteczne przej\u015bcie od koncepcji do rzeczywistego wdro\u017cenia. W naszych procesach wykorzystujemy m.in. druk 3D, in\u017cynieri\u0119 odwrotn\u0105, technologie CNC i [&hellip;]<\/p>\n","protected":false},"author":1,"featured_media":0,"parent":0,"menu_order":0,"comment_status":"closed","ping_status":"closed","template":"","meta":{"jetpack_post_was_ever_published":false,"footnotes":""},"class_list":["post-75","page","type-page","status-publish","hentry"],"jetpack_sharing_enabled":true,"jetpack_shortlink":"https:\/\/wp.me\/PaL4dl-1d","_links":{"self":[{"href":"http:\/\/quarter.pl\/pl\/wp-json\/wp\/v2\/pages\/75","targetHints":{"allow":["GET"]}}],"collection":[{"href":"http:\/\/quarter.pl\/pl\/wp-json\/wp\/v2\/pages"}],"about":[{"href":"http:\/\/quarter.pl\/pl\/wp-json\/wp\/v2\/types\/page"}],"author":[{"embeddable":true,"href":"http:\/\/quarter.pl\/pl\/wp-json\/wp\/v2\/users\/1"}],"replies":[{"embeddable":true,"href":"http:\/\/quarter.pl\/pl\/wp-json\/wp\/v2\/comments?post=75"}],"version-history":[{"count":104,"href":"http:\/\/quarter.pl\/pl\/wp-json\/wp\/v2\/pages\/75\/revisions"}],"predecessor-version":[{"id":1478,"href":"http:\/\/quarter.pl\/pl\/wp-json\/wp\/v2\/pages\/75\/revisions\/1478"}],"wp:attachment":[{"href":"http:\/\/quarter.pl\/pl\/wp-json\/wp\/v2\/media?parent=75"}],"curies":[{"name":"wp","href":"https:\/\/api.w.org\/{rel}","templated":true}]}}