{"id":309,"date":"2017-08-14T22:19:11","date_gmt":"2017-08-14T20:19:11","guid":{"rendered":"http:\/\/quarter.pl\/?page_id=309"},"modified":"2025-04-26T15:35:35","modified_gmt":"2025-04-26T13:35:35","slug":"oferta","status":"publish","type":"page","link":"https:\/\/quarter.pl\/de\/oferta\/","title":{"rendered":"Angebot"},"content":{"rendered":"<p>Wir spezialisieren uns auf die Erbringung umfassender Dienstleistungen im Bereich Ingenieurwesen und Design, wobei wir technische Pr\u00e4zision mit modernen Entwicklungsmethoden verbinden. Unser Ziel ist es, unsere Kunden in jeder Phase des Produktentwicklungsprozesses \u2013 von der ersten Idee bis zur Markteinf\u00fchrung \u2013 zu unterst\u00fctzen.<\/p>\n\n\n\n<p>Unsere Dienstleistungen umfassen:<\/p>\n\n\n\n<ul class=\"wp-block-list\">\n<li><strong>Erstellung von CAD-Zeichnungen f\u00fcr Patentanmeldungen<\/strong>: Wir fertigen technische Zeichnungen an, die h\u00e4ufig entscheidend f\u00fcr das Verst\u00e4ndnis der Funktionsweise einer Erfindung und damit f\u00fcr die Erlangung eines Patentschutzes sind.<\/li>\n\n\n\n<li><strong>Prototypenentwicklung<\/strong>: Wir entwerfen und fertigen Prototypen, die das Testen und Optimieren von Ideen vor der endg\u00fcltigen Umsetzung erm\u00f6glichen.<\/li>\n\n\n\n<li><strong>Unterst\u00fctzung von Forschungs- und Entwicklungsprozessen<\/strong>: Wir passen L\u00f6sungen an spezifische technische und gesch\u00e4ftliche Anforderungen an und beschleunigen so die Entwicklung innovativer Produkte.<\/li>\n<\/ul>","protected":false},"excerpt":{"rendered":"<p>Wir spezialisieren uns auf die Erbringung umfassender Dienstleistungen im Bereich Ingenieurwesen und Design, wobei wir technische Pr\u00e4zision mit modernen Entwicklungsmethoden verbinden. Unser Ziel ist es, unsere Kunden in jeder Phase des Produktentwicklungsprozesses \u2013 von der ersten Idee bis zur Markteinf\u00fchrung \u2013 zu unterst\u00fctzen. Unsere Dienstleistungen umfassen:<\/p>\n","protected":false},"author":1,"featured_media":0,"parent":0,"menu_order":0,"comment_status":"closed","ping_status":"closed","template":"","meta":{"jetpack_post_was_ever_published":false,"footnotes":""},"class_list":["post-309","page","type-page","status-publish","hentry"],"jetpack_sharing_enabled":true,"jetpack_shortlink":"https:\/\/wp.me\/PaL4dl-4Z","_links":{"self":[{"href":"https:\/\/quarter.pl\/de\/wp-json\/wp\/v2\/pages\/309","targetHints":{"allow":["GET"]}}],"collection":[{"href":"https:\/\/quarter.pl\/de\/wp-json\/wp\/v2\/pages"}],"about":[{"href":"https:\/\/quarter.pl\/de\/wp-json\/wp\/v2\/types\/page"}],"author":[{"embeddable":true,"href":"https:\/\/quarter.pl\/de\/wp-json\/wp\/v2\/users\/1"}],"replies":[{"embeddable":true,"href":"https:\/\/quarter.pl\/de\/wp-json\/wp\/v2\/comments?post=309"}],"version-history":[{"count":36,"href":"https:\/\/quarter.pl\/de\/wp-json\/wp\/v2\/pages\/309\/revisions"}],"predecessor-version":[{"id":1423,"href":"https:\/\/quarter.pl\/de\/wp-json\/wp\/v2\/pages\/309\/revisions\/1423"}],"wp:attachment":[{"href":"https:\/\/quarter.pl\/de\/wp-json\/wp\/v2\/media?parent=309"}],"curies":[{"name":"wp","href":"https:\/\/api.w.org\/{rel}","templated":true}]}}