{"id":309,"date":"2017-08-14T22:19:11","date_gmt":"2017-08-14T20:19:11","guid":{"rendered":"http:\/\/quarter.pl\/?page_id=309"},"modified":"2025-04-26T15:35:35","modified_gmt":"2025-04-26T13:35:35","slug":"oferta","status":"publish","type":"page","link":"https:\/\/quarter.pl\/pl\/oferta\/","title":{"rendered":"Oferta"},"content":{"rendered":"<p>Specjalizujemy si\u0119 w \u015bwiadczeniu kompleksowych us\u0142ug z zakresu in\u017cynierii i projektowania, \u0142\u0105cz\u0105c precyzj\u0119 techniczn\u0105 z nowoczesnymi metodami tworzenia. Naszym celem jest wspieranie klient\u00f3w na ka\u017cdym etapie procesu rozwoju produktu \u2013 od koncepcji po wdro\u017cenie.\u200b<\/p>\n\n\n\n<p><strong>Nasze us\u0142ugi obejmuj\u0105:<\/strong><\/p>\n\n\n\n<ul class=\"wp-block-list\">\n<li> <strong>Przygotowywanie rysunk\u00f3w CAD do zg\u0142osze\u0144 patentowych:<\/strong> Tworzymy rysunki techniczne, kt\u00f3re cz\u0119sto s\u0105 kluczowe w zrozumieniu idei dzia\u0142ania wynalazku, a co si\u0119 z tym wi\u0105\u017ce, z uzyskaniem ochrony patentowej. \u200b<\/li>\n\n\n\n<li> <strong>Prototypowanie:<\/strong> Projektujemy i tworzymy prototypy, umo\u017cliwiaj\u0105c testowanie i doskonalenie pomys\u0142\u00f3w przed ich finalnym wdro\u017ceniem. \u200b<\/li>\n\n\n\n<li> <strong>Wspieranie proces\u00f3w badawczo-rozwojowych:<\/strong> Dostosowujemy rozwi\u0105zania do specyficznych wymaga\u0144 technicznych i biznesowych, przyspieszaj\u0105c rozw\u00f3j innowacyjnych produkt\u00f3w.<\/li>\n<\/ul>\n\n\n\n<p>","protected":false},"excerpt":{"rendered":"<p>Specjalizujemy si\u0119 w \u015bwiadczeniu kompleksowych us\u0142ug z zakresu in\u017cynierii i projektowania, \u0142\u0105cz\u0105c precyzj\u0119 techniczn\u0105 z nowoczesnymi metodami tworzenia. Naszym celem jest wspieranie klient\u00f3w na ka\u017cdym etapie procesu rozwoju produktu \u2013 od koncepcji po wdro\u017cenie.\u200b Nasze us\u0142ugi obejmuj\u0105:<\/p>\n","protected":false},"author":1,"featured_media":0,"parent":0,"menu_order":0,"comment_status":"closed","ping_status":"closed","template":"","meta":{"jetpack_post_was_ever_published":false,"footnotes":""},"class_list":["post-309","page","type-page","status-publish","hentry"],"jetpack_sharing_enabled":true,"jetpack_shortlink":"https:\/\/wp.me\/PaL4dl-4Z","_links":{"self":[{"href":"https:\/\/quarter.pl\/pl\/wp-json\/wp\/v2\/pages\/309","targetHints":{"allow":["GET"]}}],"collection":[{"href":"https:\/\/quarter.pl\/pl\/wp-json\/wp\/v2\/pages"}],"about":[{"href":"https:\/\/quarter.pl\/pl\/wp-json\/wp\/v2\/types\/page"}],"author":[{"embeddable":true,"href":"https:\/\/quarter.pl\/pl\/wp-json\/wp\/v2\/users\/1"}],"replies":[{"embeddable":true,"href":"https:\/\/quarter.pl\/pl\/wp-json\/wp\/v2\/comments?post=309"}],"version-history":[{"count":36,"href":"https:\/\/quarter.pl\/pl\/wp-json\/wp\/v2\/pages\/309\/revisions"}],"predecessor-version":[{"id":1423,"href":"https:\/\/quarter.pl\/pl\/wp-json\/wp\/v2\/pages\/309\/revisions\/1423"}],"wp:attachment":[{"href":"https:\/\/quarter.pl\/pl\/wp-json\/wp\/v2\/media?parent=309"}],"curies":[{"name":"wp","href":"https:\/\/api.w.org\/{rel}","templated":true}]}}